{"id":3931,"date":"2023-03-09T10:45:44","date_gmt":"2023-03-09T09:45:44","guid":{"rendered":"https:\/\/fondation-champittet.ch\/?page_id=3931"},"modified":"2024-11-04T12:28:33","modified_gmt":"2024-11-04T11:28:33","slug":"project-in-lebanon","status":"publish","type":"page","link":"https:\/\/fondation-champittet.ch\/en\/project-in-lebanon\/","title":{"rendered":"Project in Lebanon"},"content":{"rendered":"\n<div class=\"wp-block-cover is-light\"><span aria-hidden=\"true\" class=\"wp-block-cover__background has-background-dim-30 has-background-dim\"><\/span><img decoding=\"async\" width=\"2250\" height=\"1500\" class=\"wp-block-cover__image-background wp-image-3888\" alt=\"\" src=\"https:\/\/fondation-champittet.ch\/wp-content\/uploads\/2023\/03\/Fondation-Champittet-Projet-Liban.jpg\" data-object-fit=\"cover\" srcset=\"https:\/\/fondation-champittet.ch\/wp-content\/uploads\/2023\/03\/Fondation-Champittet-Projet-Liban.jpg 2250w, https:\/\/fondation-champittet.ch\/wp-content\/uploads\/2023\/03\/Fondation-Champittet-Projet-Liban-300x200.jpg 300w, https:\/\/fondation-champittet.ch\/wp-content\/uploads\/2023\/03\/Fondation-Champittet-Projet-Liban-1024x683.jpg 1024w, https:\/\/fondation-champittet.ch\/wp-content\/uploads\/2023\/03\/Fondation-Champittet-Projet-Liban-768x512.jpg 768w, https:\/\/fondation-champittet.ch\/wp-content\/uploads\/2023\/03\/Fondation-Champittet-Projet-Liban-1536x1024.jpg 1536w, https:\/\/fondation-champittet.ch\/wp-content\/uploads\/2023\/03\/Fondation-Champittet-Projet-Liban-2048x1365.jpg 2048w, https:\/\/fondation-champittet.ch\/wp-content\/uploads\/2023\/03\/Fondation-Champittet-Projet-Liban-600x400.jpg 600w\" sizes=\"(max-width: 2250px) 100vw, 2250px\" \/><div class=\"wp-block-cover__inner-container is-layout-flow wp-block-cover-is-layout-flow\">\n<h2 class=\"wp-block-heading\" id=\"projet-a-madagascar\">Project in Lebanon<\/h2>\n<\/div><\/div>\n\n\n\n<div style=\"height:100px\" aria-hidden=\"true\" class=\"wp-block-spacer\"><\/div>\n\n\n\n<div class=\"wp-block-group container is-layout-flow wp-block-group-is-layout-flow\">\n<p><s>Project <\/s><\/p>\n\n\n\n<h1 class=\"wp-block-heading\">Lebanon<\/h1>\n\n\n\n<p>Since December 2020, the Champittet Foundation has supported several school projects in the Tripoli region in collaboration with the Rotary Club of Tripoli Cosmopolis.<\/p>\n\n\n\n<p>In 2023, the Ball raised $150,000 for the installation of the installation of solar panels in 23 schools.<\/p>\n\n\n\n<figure class=\"wp-block-embed is-type-video is-provider-youtube wp-block-embed-youtube wp-embed-aspect-16-9 wp-has-aspect-ratio text-center\"><div class=\"wp-block-embed__wrapper\">\n<iframe loading=\"lazy\" title=\"Lebanon Charity Project Update: CHF 150K Raised for Solar-Powered Schools! | Champittet Foundation\" width=\"500\" height=\"281\" src=\"https:\/\/www.youtube.com\/embed\/XShLPSFe0zc?feature=oembed\" frameborder=\"0\" allow=\"accelerometer; autoplay; clipboard-write; encrypted-media; gyroscope; picture-in-picture; web-share\" referrerpolicy=\"strict-origin-when-cross-origin\" allowfullscreen><\/iframe>\n<\/div><\/figure>\n\n\n\n<figure class=\"wp-block-video aligncenter Video-liban\"><video height=\"368\" style=\"aspect-ratio: 640 \/ 368;\" width=\"640\" controls src=\"https:\/\/fondation-champittet.ch\/wp-content\/uploads\/2023\/03\/Fondation-Champittet-Projet-Liban.mp4\"><\/video><\/figure>\n\n\n\n<p>In 2022, with the tremendous support of the entire Champiteenne community, we organised a Christmas market in favor of Lebanese children. This action enabled us to serve 6,500 breakfasts over several weeks to 800 students aged 3 to 12 years.<\/p>\n\n\n\n<figure class=\"wp-block-embed is-type-video is-provider-youtube wp-block-embed-youtube wp-embed-aspect-16-9 wp-has-aspect-ratio text-center\"><div class=\"wp-block-embed__wrapper\">\n<iframe loading=\"lazy\" title=\"Food program in Lebanon | Champittet Foundation &amp; Rotary Club Tripoli\" width=\"500\" height=\"281\" src=\"https:\/\/www.youtube.com\/embed\/suEwxbcKfoY?feature=oembed\" frameborder=\"0\" allow=\"accelerometer; autoplay; clipboard-write; encrypted-media; gyroscope; picture-in-picture; web-share\" referrerpolicy=\"strict-origin-when-cross-origin\" allowfullscreen><\/iframe>\n<\/div><\/figure>\n<\/div>\n","protected":false},"excerpt":{"rendered":"<p>Project Lebanon Since December 2020, the Champittet Foundation has supported several school projects in the Tripoli region in collaboration with the Rotary Club of Tripoli Cosmopolis. In 2023, the Ball raised $150,000 for the installation of the installation of solar panels in 23 schools. In 2022, with the tremendous support of the entire Champiteenne community, [&hellip;]<\/p>\n","protected":false},"author":1,"featured_media":0,"parent":0,"menu_order":0,"comment_status":"closed","ping_status":"closed","template":"","meta":{"_acf_changed":false,"_price":"","_stock":"","_tribe_ticket_header":"","_tribe_default_ticket_provider":"","_ticket_start_date":"","_ticket_end_date":"","_tribe_ticket_show_description":"","_tribe_ticket_show_not_going":false,"_tribe_ticket_use_global_stock":"","_tribe_ticket_global_stock_level":"","_global_stock_mode":"","_global_stock_cap":"","_tribe_rsvp_for_event":"","_tribe_ticket_going_count":"","_tribe_ticket_not_going_count":"","_tribe_tickets_list":"[]","_tribe_ticket_has_attendee_info_fields":false,"footnotes":"","_tec_slr_enabled":"","_tec_slr_layout":""},"class_list":["post-3931","page","type-page","status-publish","hentry"],"acf":[],"yoast_head":"<!-- This site is optimized with the Yoast SEO plugin v26.7 - https:\/\/yoast.com\/wordpress\/plugins\/seo\/ -->\n<title>Project in Lebanon - Fondation Coll\u00e8ge Champittet<\/title>\n<meta name=\"description\" content=\"Project in Lebanon Project Lebanon Since December 2020, the Champittet Foundation has supported several school projects in the Tripoli region in\" \/>\n<meta name=\"robots\" content=\"index, follow, max-snippet:-1, max-image-preview:large, max-video-preview:-1\" \/>\n<link rel=\"canonical\" href=\"https:\/\/fondation-champittet.ch\/en\/project-in-lebanon\/\" \/>\n<meta property=\"og:locale\" content=\"en_US\" \/>\n<meta property=\"og:type\" content=\"article\" \/>\n<meta property=\"og:title\" content=\"Project in Lebanon - Fondation Coll\u00e8ge Champittet\" \/>\n<meta property=\"og:description\" content=\"Project in Lebanon Project Lebanon Since December 2020, the Champittet Foundation has supported several school projects in the Tripoli region in\" \/>\n<meta property=\"og:url\" content=\"https:\/\/fondation-champittet.ch\/en\/project-in-lebanon\/\" \/>\n<meta property=\"og:site_name\" content=\"Fondation Coll\u00e8ge Champittet\" \/>\n<meta property=\"article:publisher\" content=\"https:\/\/www.facebook.com\/champittet\/\" \/>\n<meta property=\"article:modified_time\" content=\"2024-11-04T11:28:33+00:00\" \/>\n<meta property=\"og:image\" content=\"https:\/\/fondation-champittet.ch\/wp-content\/uploads\/2023\/03\/Fondation-Champittet-Projet-Liban.jpg\" \/>\n\t<meta property=\"og:image:width\" content=\"2250\" \/>\n\t<meta property=\"og:image:height\" content=\"1500\" \/>\n\t<meta property=\"og:image:type\" content=\"image\/jpeg\" \/>\n<meta name=\"twitter:card\" content=\"summary_large_image\" \/>\n<meta name=\"twitter:label1\" content=\"Est. reading time\" \/>\n\t<meta name=\"twitter:data1\" content=\"1 minute\" \/>\n<script type=\"application\/ld+json\" class=\"yoast-schema-graph\">{\"@context\":\"https:\/\/schema.org\",\"@graph\":[{\"@type\":\"WebPage\",\"@id\":\"https:\/\/fondation-champittet.ch\/en\/project-in-lebanon\/\",\"url\":\"https:\/\/fondation-champittet.ch\/en\/project-in-lebanon\/\",\"name\":\"Project in Lebanon - Fondation Coll\u00e8ge Champittet\",\"isPartOf\":{\"@id\":\"https:\/\/fondation-champittet.ch\/#website\"},\"primaryImageOfPage\":{\"@id\":\"https:\/\/fondation-champittet.ch\/en\/project-in-lebanon\/#primaryimage\"},\"image\":{\"@id\":\"https:\/\/fondation-champittet.ch\/en\/project-in-lebanon\/#primaryimage\"},\"thumbnailUrl\":\"https:\/\/fondation-champittet.ch\/wp-content\/uploads\/2023\/03\/Fondation-Champittet-Projet-Liban.jpg\",\"datePublished\":\"2023-03-09T09:45:44+00:00\",\"dateModified\":\"2024-11-04T11:28:33+00:00\",\"description\":\"Project in Lebanon Project Lebanon Since December 2020, the Champittet Foundation has supported several school projects in the Tripoli region in\",\"breadcrumb\":{\"@id\":\"https:\/\/fondation-champittet.ch\/en\/project-in-lebanon\/#breadcrumb\"},\"inLanguage\":\"en-US\",\"potentialAction\":[{\"@type\":\"ReadAction\",\"target\":[\"https:\/\/fondation-champittet.ch\/en\/project-in-lebanon\/\"]}]},{\"@type\":\"ImageObject\",\"inLanguage\":\"en-US\",\"@id\":\"https:\/\/fondation-champittet.ch\/en\/project-in-lebanon\/#primaryimage\",\"url\":\"https:\/\/fondation-champittet.ch\/wp-content\/uploads\/2023\/03\/Fondation-Champittet-Projet-Liban.jpg\",\"contentUrl\":\"https:\/\/fondation-champittet.ch\/wp-content\/uploads\/2023\/03\/Fondation-Champittet-Projet-Liban.jpg\"},{\"@type\":\"BreadcrumbList\",\"@id\":\"https:\/\/fondation-champittet.ch\/en\/project-in-lebanon\/#breadcrumb\",\"itemListElement\":[{\"@type\":\"ListItem\",\"position\":1,\"name\":\"Accueil\",\"item\":\"https:\/\/fondation-champittet.ch\/en\/\"},{\"@type\":\"ListItem\",\"position\":2,\"name\":\"Project in Lebanon\"}]},{\"@type\":\"WebSite\",\"@id\":\"https:\/\/fondation-champittet.ch\/#website\",\"url\":\"https:\/\/fondation-champittet.ch\/\",\"name\":\"Fondation Coll\u00e8ge Champittet\",\"description\":\"En faveur de l\u2019\u00e9ducation en Suisse et dans des pays d\u00e9favoris\u00e9s\",\"alternateName\":\"FCC\",\"potentialAction\":[{\"@type\":\"SearchAction\",\"target\":{\"@type\":\"EntryPoint\",\"urlTemplate\":\"https:\/\/fondation-champittet.ch\/?s={search_term_string}\"},\"query-input\":{\"@type\":\"PropertyValueSpecification\",\"valueRequired\":true,\"valueName\":\"search_term_string\"}}],\"inLanguage\":\"en-US\"}]}<\/script>\n<!-- \/ Yoast SEO plugin. -->","yoast_head_json":{"title":"Project in Lebanon - Fondation Coll\u00e8ge Champittet","description":"Project in Lebanon Project Lebanon Since December 2020, the Champittet Foundation has supported several school projects in the Tripoli region in","robots":{"index":"index","follow":"follow","max-snippet":"max-snippet:-1","max-image-preview":"max-image-preview:large","max-video-preview":"max-video-preview:-1"},"canonical":"https:\/\/fondation-champittet.ch\/en\/project-in-lebanon\/","og_locale":"en_US","og_type":"article","og_title":"Project in Lebanon - Fondation Coll\u00e8ge Champittet","og_description":"Project in Lebanon Project Lebanon Since December 2020, the Champittet Foundation has supported several school projects in the Tripoli region in","og_url":"https:\/\/fondation-champittet.ch\/en\/project-in-lebanon\/","og_site_name":"Fondation Coll\u00e8ge Champittet","article_publisher":"https:\/\/www.facebook.com\/champittet\/","article_modified_time":"2024-11-04T11:28:33+00:00","og_image":[{"width":2250,"height":1500,"url":"https:\/\/fondation-champittet.ch\/wp-content\/uploads\/2023\/03\/Fondation-Champittet-Projet-Liban.jpg","type":"image\/jpeg"}],"twitter_card":"summary_large_image","twitter_misc":{"Est. reading time":"1 minute"},"schema":{"@context":"https:\/\/schema.org","@graph":[{"@type":"WebPage","@id":"https:\/\/fondation-champittet.ch\/en\/project-in-lebanon\/","url":"https:\/\/fondation-champittet.ch\/en\/project-in-lebanon\/","name":"Project in Lebanon - Fondation Coll\u00e8ge Champittet","isPartOf":{"@id":"https:\/\/fondation-champittet.ch\/#website"},"primaryImageOfPage":{"@id":"https:\/\/fondation-champittet.ch\/en\/project-in-lebanon\/#primaryimage"},"image":{"@id":"https:\/\/fondation-champittet.ch\/en\/project-in-lebanon\/#primaryimage"},"thumbnailUrl":"https:\/\/fondation-champittet.ch\/wp-content\/uploads\/2023\/03\/Fondation-Champittet-Projet-Liban.jpg","datePublished":"2023-03-09T09:45:44+00:00","dateModified":"2024-11-04T11:28:33+00:00","description":"Project in Lebanon Project Lebanon Since December 2020, the Champittet Foundation has supported several school projects in the Tripoli region in","breadcrumb":{"@id":"https:\/\/fondation-champittet.ch\/en\/project-in-lebanon\/#breadcrumb"},"inLanguage":"en-US","potentialAction":[{"@type":"ReadAction","target":["https:\/\/fondation-champittet.ch\/en\/project-in-lebanon\/"]}]},{"@type":"ImageObject","inLanguage":"en-US","@id":"https:\/\/fondation-champittet.ch\/en\/project-in-lebanon\/#primaryimage","url":"https:\/\/fondation-champittet.ch\/wp-content\/uploads\/2023\/03\/Fondation-Champittet-Projet-Liban.jpg","contentUrl":"https:\/\/fondation-champittet.ch\/wp-content\/uploads\/2023\/03\/Fondation-Champittet-Projet-Liban.jpg"},{"@type":"BreadcrumbList","@id":"https:\/\/fondation-champittet.ch\/en\/project-in-lebanon\/#breadcrumb","itemListElement":[{"@type":"ListItem","position":1,"name":"Accueil","item":"https:\/\/fondation-champittet.ch\/en\/"},{"@type":"ListItem","position":2,"name":"Project in Lebanon"}]},{"@type":"WebSite","@id":"https:\/\/fondation-champittet.ch\/#website","url":"https:\/\/fondation-champittet.ch\/","name":"Fondation Coll\u00e8ge Champittet","description":"En faveur de l\u2019\u00e9ducation en Suisse et dans des pays d\u00e9favoris\u00e9s","alternateName":"FCC","potentialAction":[{"@type":"SearchAction","target":{"@type":"EntryPoint","urlTemplate":"https:\/\/fondation-champittet.ch\/?s={search_term_string}"},"query-input":{"@type":"PropertyValueSpecification","valueRequired":true,"valueName":"search_term_string"}}],"inLanguage":"en-US"}]}},"ticketed":false,"_links":{"self":[{"href":"https:\/\/fondation-champittet.ch\/en\/wp-json\/wp\/v2\/pages\/3931","targetHints":{"allow":["GET"]}}],"collection":[{"href":"https:\/\/fondation-champittet.ch\/en\/wp-json\/wp\/v2\/pages"}],"about":[{"href":"https:\/\/fondation-champittet.ch\/en\/wp-json\/wp\/v2\/types\/page"}],"author":[{"embeddable":true,"href":"https:\/\/fondation-champittet.ch\/en\/wp-json\/wp\/v2\/users\/1"}],"replies":[{"embeddable":true,"href":"https:\/\/fondation-champittet.ch\/en\/wp-json\/wp\/v2\/comments?post=3931"}],"version-history":[{"count":10,"href":"https:\/\/fondation-champittet.ch\/en\/wp-json\/wp\/v2\/pages\/3931\/revisions"}],"predecessor-version":[{"id":4934,"href":"https:\/\/fondation-champittet.ch\/en\/wp-json\/wp\/v2\/pages\/3931\/revisions\/4934"}],"wp:attachment":[{"href":"https:\/\/fondation-champittet.ch\/en\/wp-json\/wp\/v2\/media?parent=3931"}],"curies":[{"name":"wp","href":"https:\/\/api.w.org\/{rel}","templated":true}]}}