{"id":3880,"date":"2022-03-03T17:01:08","date_gmt":"2022-03-03T16:01:08","guid":{"rendered":"https:\/\/fondation-champittet.ch\/la-fondation-college-champittet\/"},"modified":"2024-11-04T10:17:39","modified_gmt":"2024-11-04T09:17:39","slug":"la-fondation-college-champittet","status":"publish","type":"page","link":"https:\/\/fondation-champittet.ch\/en\/la-fondation-college-champittet\/","title":{"rendered":"Fondation Coll\u00e8ge Champittet"},"content":{"rendered":"\n<div class=\"wp-block-cover\"><span aria-hidden=\"true\" class=\"wp-block-cover__background has-background-dim\"><\/span><img decoding=\"async\" width=\"1920\" height=\"1280\" class=\"wp-block-cover__image-background wp-image-345\" alt=\"\" src=\"https:\/\/fondation-champittet.ch\/wp-content\/uploads\/2022\/02\/larm-rmah-AEaTUnvneik-unsplash.jpg\" data-object-fit=\"cover\" srcset=\"https:\/\/fondation-champittet.ch\/wp-content\/uploads\/2022\/02\/larm-rmah-AEaTUnvneik-unsplash.jpg 1920w, https:\/\/fondation-champittet.ch\/wp-content\/uploads\/2022\/02\/larm-rmah-AEaTUnvneik-unsplash-600x400.jpg 600w, https:\/\/fondation-champittet.ch\/wp-content\/uploads\/2022\/02\/larm-rmah-AEaTUnvneik-unsplash-300x200.jpg 300w, https:\/\/fondation-champittet.ch\/wp-content\/uploads\/2022\/02\/larm-rmah-AEaTUnvneik-unsplash-1024x683.jpg 1024w, https:\/\/fondation-champittet.ch\/wp-content\/uploads\/2022\/02\/larm-rmah-AEaTUnvneik-unsplash-768x512.jpg 768w, https:\/\/fondation-champittet.ch\/wp-content\/uploads\/2022\/02\/larm-rmah-AEaTUnvneik-unsplash-1536x1024.jpg 1536w\" sizes=\"(max-width: 1920px) 100vw, 1920px\" \/><div class=\"wp-block-cover__inner-container is-layout-flow wp-block-cover-is-layout-flow\">\n<h1 class=\"wp-block-heading\" id=\"la-fondation-college-champittet\">Fondation Coll\u00e8ge Champittet<\/h1>\n<\/div><\/div>\n\n\n\n<div style=\"height:100px\" aria-hidden=\"true\" class=\"wp-block-spacer\"><\/div>\n\n\n\n<div class=\"wp-block-columns is-layout-flex wp-container-core-columns-is-layout-9d6595d7 wp-block-columns-is-layout-flex\">\n<div class=\"wp-block-column is-layout-flow wp-block-column-is-layout-flow\" style=\"flex-basis:66.66%\">\n<h2 class=\"wp-block-heading\" id=\"oeuvre-depuis-plus-de-10-ans-en-faveur-de-l-education-en-suisse-et-dans-des-pays-defavorises\">For more than 10 years, the Foundation has been working for education in disadvantaged countries and for children in need.<\/h2>\n\n\n\n<p>The Foundation aims to ensure the sustainability of the projects it has set up by giving to the beneficiaries the means to be self-financing.<\/p>\n\n\n\n<p>The Foundation is entirely independent financially from Coll\u00e8ge Champittet SA and Nord Anglia Education, which only support it.<\/p>\n\n\n\n<div style=\"height:45px\" aria-hidden=\"true\" class=\"wp-block-spacer\"><\/div>\n\n\n\n<h3 class=\"wp-block-heading\" id=\"conseil-de-fondation-et-objectif-de-collecte-de-fonds\"><strong>Board of Trustees and fundraising objective<\/strong><\/h3>\n\n\n\n<p>The Foundation Board is made up of members of the wider Champittet community. It includes 3 members of the Coll\u00e8ge Champittet management, a teacher, a dean, students and parents.<\/p>\n\n\n\n<p>The Foundation wishes to raise CHF 250,000 per year to support the projects defined over the long term. The 96% of your donation will be devoted to the projects in the countries concerned. The members of the Foundation Board are all volunteers, and the administrative costs are covered by Coll\u00e8ge Champittet SA. There are still trustee fees and communication costs.<\/p>\n\n\n\n<p>When students travel, 100% of the travel expenses are covered by the parents themselves. The Foundation issues a simple and clear financial report allowing you to see exactly how the funds are used.<\/p>\n\n\n\n<div class=\"wp-block-buttons is-layout-flex wp-block-buttons-is-layout-flex\">\n<div class=\"wp-block-button\"><a class=\"wp-block-button__link wp-element-button\" href=\"\/wp-content\/uploads\/2024\/11\/Fondation-champittet-Comptes-2022-2023.pdf\" target=\"_blank\" rel=\"noreferrer noopener\">Accounts 22 -23<\/a><\/div>\n<\/div>\n\n\n\n<div style=\"height:45px\" aria-hidden=\"true\" class=\"wp-block-spacer\"><\/div>\n\n\n\n<h3 class=\"wp-block-heading\">Collaborating members of Coll\u00e8ge Champittet :<\/h3>\n\n\n\n<p>Laure Sesseli &#8211; President and Financial Director of Coll\u00e8ge Champittet<br>Philippe de Korodi&nbsp;&#8211; Treasurer and Head of School of Coll\u00e8ge Champittet<br>Geraldine Boland : Primary Section Manager<br>Cendrine Colin &#8211; Art teacher<\/p>\n\n\n\n<h3 class=\"wp-block-heading\">2 parent members<\/h3>\n\n\n\n<h3 class=\"wp-block-heading\">7 student members<\/h3>\n\n\n\n<div style=\"height:45px\" aria-hidden=\"true\" class=\"wp-block-spacer\"><\/div>\n<\/div>\n\n\n\n<div class=\"wp-block-column is-layout-flow wp-block-column-is-layout-flow\" style=\"flex-basis:33.33%\"><\/div>\n<\/div>\n","protected":false},"excerpt":{"rendered":"<p>For more than 10 years, the Foundation has been working for education in disadvantaged countries and for children in need. The Foundation aims to ensure the sustainability of the projects it has set up by giving to the beneficiaries the means to be self-financing. The Foundation is entirely independent financially from Coll\u00e8ge Champittet SA and [&hellip;]<\/p>\n","protected":false},"author":1,"featured_media":0,"parent":0,"menu_order":0,"comment_status":"closed","ping_status":"closed","template":"","meta":{"_acf_changed":false,"_price":"","_stock":"","_tribe_ticket_header":"","_tribe_default_ticket_provider":"","_ticket_start_date":"","_ticket_end_date":"","_tribe_ticket_show_description":"","_tribe_ticket_show_not_going":false,"_tribe_ticket_use_global_stock":"","_tribe_ticket_global_stock_level":"","_global_stock_mode":"","_global_stock_cap":"","_tribe_rsvp_for_event":"","_tribe_ticket_going_count":"","_tribe_ticket_not_going_count":"","_tribe_tickets_list":"[]","_tribe_ticket_has_attendee_info_fields":false,"footnotes":"","_tec_slr_enabled":"","_tec_slr_layout":""},"class_list":["post-3880","page","type-page","status-publish","hentry"],"acf":[],"yoast_head":"<!-- This site is optimized with the Yoast SEO plugin v26.7 - https:\/\/yoast.com\/wordpress\/plugins\/seo\/ -->\n<title>Fondation Coll\u00e8ge Champittet - Fondation Coll\u00e8ge Champittet<\/title>\n<meta name=\"description\" content=\"Fondation Coll\u00e8ge Champittet For more than 10 years, the Foundation has been working for education in disadvantaged countries and for children in need.\" \/>\n<meta name=\"robots\" content=\"index, follow, max-snippet:-1, max-image-preview:large, max-video-preview:-1\" \/>\n<link rel=\"canonical\" href=\"https:\/\/fondation-champittet.ch\/en\/la-fondation-college-champittet\/\" \/>\n<meta property=\"og:locale\" content=\"en_US\" \/>\n<meta property=\"og:type\" content=\"article\" \/>\n<meta property=\"og:title\" content=\"Fondation Coll\u00e8ge Champittet - Fondation Coll\u00e8ge Champittet\" \/>\n<meta property=\"og:description\" content=\"Fondation Coll\u00e8ge Champittet For more than 10 years, the Foundation has been working for education in disadvantaged countries and for children in need.\" \/>\n<meta property=\"og:url\" content=\"https:\/\/fondation-champittet.ch\/en\/la-fondation-college-champittet\/\" \/>\n<meta property=\"og:site_name\" content=\"Fondation Coll\u00e8ge Champittet\" \/>\n<meta property=\"article:publisher\" content=\"https:\/\/www.facebook.com\/champittet\/\" \/>\n<meta property=\"article:modified_time\" content=\"2024-11-04T09:17:39+00:00\" \/>\n<meta property=\"og:image\" content=\"https:\/\/fondation-champittet.ch\/wp-content\/uploads\/2022\/02\/larm-rmah-AEaTUnvneik-unsplash.jpg\" \/>\n<meta name=\"twitter:card\" content=\"summary_large_image\" \/>\n<meta name=\"twitter:label1\" content=\"Est. reading time\" \/>\n\t<meta name=\"twitter:data1\" content=\"2 minutes\" \/>\n<script type=\"application\/ld+json\" class=\"yoast-schema-graph\">{\"@context\":\"https:\/\/schema.org\",\"@graph\":[{\"@type\":\"WebPage\",\"@id\":\"https:\/\/fondation-champittet.ch\/en\/la-fondation-college-champittet\/\",\"url\":\"https:\/\/fondation-champittet.ch\/en\/la-fondation-college-champittet\/\",\"name\":\"Fondation Coll\u00e8ge Champittet - Fondation Coll\u00e8ge Champittet\",\"isPartOf\":{\"@id\":\"https:\/\/fondation-champittet.ch\/#website\"},\"primaryImageOfPage\":{\"@id\":\"https:\/\/fondation-champittet.ch\/en\/la-fondation-college-champittet\/#primaryimage\"},\"image\":{\"@id\":\"https:\/\/fondation-champittet.ch\/en\/la-fondation-college-champittet\/#primaryimage\"},\"thumbnailUrl\":\"https:\/\/fondation-champittet.ch\/wp-content\/uploads\/2022\/02\/larm-rmah-AEaTUnvneik-unsplash.jpg\",\"datePublished\":\"2022-03-03T16:01:08+00:00\",\"dateModified\":\"2024-11-04T09:17:39+00:00\",\"description\":\"Fondation Coll\u00e8ge Champittet For more than 10 years, the Foundation has been working for education in disadvantaged countries and for children in need.\",\"breadcrumb\":{\"@id\":\"https:\/\/fondation-champittet.ch\/en\/la-fondation-college-champittet\/#breadcrumb\"},\"inLanguage\":\"en-US\",\"potentialAction\":[{\"@type\":\"ReadAction\",\"target\":[\"https:\/\/fondation-champittet.ch\/en\/la-fondation-college-champittet\/\"]}]},{\"@type\":\"ImageObject\",\"inLanguage\":\"en-US\",\"@id\":\"https:\/\/fondation-champittet.ch\/en\/la-fondation-college-champittet\/#primaryimage\",\"url\":\"https:\/\/fondation-champittet.ch\/wp-content\/uploads\/2022\/02\/larm-rmah-AEaTUnvneik-unsplash.jpg\",\"contentUrl\":\"https:\/\/fondation-champittet.ch\/wp-content\/uploads\/2022\/02\/larm-rmah-AEaTUnvneik-unsplash.jpg\"},{\"@type\":\"BreadcrumbList\",\"@id\":\"https:\/\/fondation-champittet.ch\/en\/la-fondation-college-champittet\/#breadcrumb\",\"itemListElement\":[{\"@type\":\"ListItem\",\"position\":1,\"name\":\"Accueil\",\"item\":\"https:\/\/fondation-champittet.ch\/en\/\"},{\"@type\":\"ListItem\",\"position\":2,\"name\":\"Fondation Coll\u00e8ge Champittet\"}]},{\"@type\":\"WebSite\",\"@id\":\"https:\/\/fondation-champittet.ch\/#website\",\"url\":\"https:\/\/fondation-champittet.ch\/\",\"name\":\"Fondation Coll\u00e8ge Champittet\",\"description\":\"En faveur de l\u2019\u00e9ducation en Suisse et dans des pays d\u00e9favoris\u00e9s\",\"alternateName\":\"FCC\",\"potentialAction\":[{\"@type\":\"SearchAction\",\"target\":{\"@type\":\"EntryPoint\",\"urlTemplate\":\"https:\/\/fondation-champittet.ch\/?s={search_term_string}\"},\"query-input\":{\"@type\":\"PropertyValueSpecification\",\"valueRequired\":true,\"valueName\":\"search_term_string\"}}],\"inLanguage\":\"en-US\"}]}<\/script>\n<!-- \/ Yoast SEO plugin. -->","yoast_head_json":{"title":"Fondation Coll\u00e8ge Champittet - Fondation Coll\u00e8ge Champittet","description":"Fondation Coll\u00e8ge Champittet For more than 10 years, the Foundation has been working for education in disadvantaged countries and for children in need.","robots":{"index":"index","follow":"follow","max-snippet":"max-snippet:-1","max-image-preview":"max-image-preview:large","max-video-preview":"max-video-preview:-1"},"canonical":"https:\/\/fondation-champittet.ch\/en\/la-fondation-college-champittet\/","og_locale":"en_US","og_type":"article","og_title":"Fondation Coll\u00e8ge Champittet - Fondation Coll\u00e8ge Champittet","og_description":"Fondation Coll\u00e8ge Champittet For more than 10 years, the Foundation has been working for education in disadvantaged countries and for children in need.","og_url":"https:\/\/fondation-champittet.ch\/en\/la-fondation-college-champittet\/","og_site_name":"Fondation Coll\u00e8ge Champittet","article_publisher":"https:\/\/www.facebook.com\/champittet\/","article_modified_time":"2024-11-04T09:17:39+00:00","og_image":[{"url":"https:\/\/fondation-champittet.ch\/wp-content\/uploads\/2022\/02\/larm-rmah-AEaTUnvneik-unsplash.jpg","type":"","width":"","height":""}],"twitter_card":"summary_large_image","twitter_misc":{"Est. reading time":"2 minutes"},"schema":{"@context":"https:\/\/schema.org","@graph":[{"@type":"WebPage","@id":"https:\/\/fondation-champittet.ch\/en\/la-fondation-college-champittet\/","url":"https:\/\/fondation-champittet.ch\/en\/la-fondation-college-champittet\/","name":"Fondation Coll\u00e8ge Champittet - Fondation Coll\u00e8ge Champittet","isPartOf":{"@id":"https:\/\/fondation-champittet.ch\/#website"},"primaryImageOfPage":{"@id":"https:\/\/fondation-champittet.ch\/en\/la-fondation-college-champittet\/#primaryimage"},"image":{"@id":"https:\/\/fondation-champittet.ch\/en\/la-fondation-college-champittet\/#primaryimage"},"thumbnailUrl":"https:\/\/fondation-champittet.ch\/wp-content\/uploads\/2022\/02\/larm-rmah-AEaTUnvneik-unsplash.jpg","datePublished":"2022-03-03T16:01:08+00:00","dateModified":"2024-11-04T09:17:39+00:00","description":"Fondation Coll\u00e8ge Champittet For more than 10 years, the Foundation has been working for education in disadvantaged countries and for children in need.","breadcrumb":{"@id":"https:\/\/fondation-champittet.ch\/en\/la-fondation-college-champittet\/#breadcrumb"},"inLanguage":"en-US","potentialAction":[{"@type":"ReadAction","target":["https:\/\/fondation-champittet.ch\/en\/la-fondation-college-champittet\/"]}]},{"@type":"ImageObject","inLanguage":"en-US","@id":"https:\/\/fondation-champittet.ch\/en\/la-fondation-college-champittet\/#primaryimage","url":"https:\/\/fondation-champittet.ch\/wp-content\/uploads\/2022\/02\/larm-rmah-AEaTUnvneik-unsplash.jpg","contentUrl":"https:\/\/fondation-champittet.ch\/wp-content\/uploads\/2022\/02\/larm-rmah-AEaTUnvneik-unsplash.jpg"},{"@type":"BreadcrumbList","@id":"https:\/\/fondation-champittet.ch\/en\/la-fondation-college-champittet\/#breadcrumb","itemListElement":[{"@type":"ListItem","position":1,"name":"Accueil","item":"https:\/\/fondation-champittet.ch\/en\/"},{"@type":"ListItem","position":2,"name":"Fondation Coll\u00e8ge Champittet"}]},{"@type":"WebSite","@id":"https:\/\/fondation-champittet.ch\/#website","url":"https:\/\/fondation-champittet.ch\/","name":"Fondation Coll\u00e8ge Champittet","description":"En faveur de l\u2019\u00e9ducation en Suisse et dans des pays d\u00e9favoris\u00e9s","alternateName":"FCC","potentialAction":[{"@type":"SearchAction","target":{"@type":"EntryPoint","urlTemplate":"https:\/\/fondation-champittet.ch\/?s={search_term_string}"},"query-input":{"@type":"PropertyValueSpecification","valueRequired":true,"valueName":"search_term_string"}}],"inLanguage":"en-US"}]}},"ticketed":false,"_links":{"self":[{"href":"https:\/\/fondation-champittet.ch\/en\/wp-json\/wp\/v2\/pages\/3880","targetHints":{"allow":["GET"]}}],"collection":[{"href":"https:\/\/fondation-champittet.ch\/en\/wp-json\/wp\/v2\/pages"}],"about":[{"href":"https:\/\/fondation-champittet.ch\/en\/wp-json\/wp\/v2\/types\/page"}],"author":[{"embeddable":true,"href":"https:\/\/fondation-champittet.ch\/en\/wp-json\/wp\/v2\/users\/1"}],"replies":[{"embeddable":true,"href":"https:\/\/fondation-champittet.ch\/en\/wp-json\/wp\/v2\/comments?post=3880"}],"version-history":[{"count":3,"href":"https:\/\/fondation-champittet.ch\/en\/wp-json\/wp\/v2\/pages\/3880\/revisions"}],"predecessor-version":[{"id":4832,"href":"https:\/\/fondation-champittet.ch\/en\/wp-json\/wp\/v2\/pages\/3880\/revisions\/4832"}],"wp:attachment":[{"href":"https:\/\/fondation-champittet.ch\/en\/wp-json\/wp\/v2\/media?parent=3880"}],"curies":[{"name":"wp","href":"https:\/\/api.w.org\/{rel}","templated":true}]}}