{"id":3212,"date":"2022-02-07T15:56:13","date_gmt":"2022-02-07T14:56:13","guid":{"rendered":"https:\/\/fondation-champittet.ch\/?page_id=3212"},"modified":"2022-04-06T10:50:18","modified_gmt":"2022-04-06T08:50:18","slug":"legal-notice","status":"publish","type":"page","link":"https:\/\/fondation-champittet.ch\/en\/legal-notice\/","title":{"rendered":"Legal Notice"},"content":{"rendered":"\n<div class=\"wp-block-cover is-light\"><span aria-hidden=\"true\" class=\"wp-block-cover__gradient-background has-background-dim\"><\/span><img decoding=\"async\" width=\"1920\" height=\"839\" class=\"wp-block-cover__image-background wp-image-69\" alt=\"\" src=\"https:\/\/fondation-champittet.ch\/wp-content\/uploads\/2022\/01\/ezgif-5-3897768dc8.jpg\" data-object-fit=\"cover\" srcset=\"https:\/\/fondation-champittet.ch\/wp-content\/uploads\/2022\/01\/ezgif-5-3897768dc8.jpg 1920w, https:\/\/fondation-champittet.ch\/wp-content\/uploads\/2022\/01\/ezgif-5-3897768dc8-600x262.jpg 600w, https:\/\/fondation-champittet.ch\/wp-content\/uploads\/2022\/01\/ezgif-5-3897768dc8-300x131.jpg 300w, https:\/\/fondation-champittet.ch\/wp-content\/uploads\/2022\/01\/ezgif-5-3897768dc8-1024x447.jpg 1024w, https:\/\/fondation-champittet.ch\/wp-content\/uploads\/2022\/01\/ezgif-5-3897768dc8-768x336.jpg 768w, https:\/\/fondation-champittet.ch\/wp-content\/uploads\/2022\/01\/ezgif-5-3897768dc8-1536x671.jpg 1536w\" sizes=\"(max-width: 1920px) 100vw, 1920px\" \/><div class=\"wp-block-cover__inner-container is-layout-flow wp-block-cover-is-layout-flow\">\n<h1 class=\"wp-block-heading\" id=\"mentions-legales\">Legal Notice<\/h1>\n<\/div><\/div>\n\n\n\n<div style=\"height:100px\" aria-hidden=\"true\" class=\"wp-block-spacer\"><\/div>\n\n\n\n<div class=\"wp-block-group container is-layout-flow wp-block-group-is-layout-flow\">\n<h2 class=\"wp-block-heading\" id=\"limitation-de-la-responsabilite\">Limitation of liability<\/h2>\n\n\n\n<p>Despite the great care it takes to ensure the accuracy of the information published on its site, the Coll\u00e8ge Champittet Foundation cannot be held responsible for the accuracy, currency, reliability and completeness of this information.<\/p>\n\n\n\n<p>The Coll\u00e8ge Champittet Foundation expressly reserves the right to modify part or all of the content of this site, to delete it or to temporarily suspend its distribution, at any time and without prior notice.<\/p>\n\n\n\n<p>The Coll\u00e8ge Champittet Foundation cannot be held responsible for material or immaterial damage that may be caused by access to the information published or by its use or non-use, misuse of the connection or by technical problems.<\/p>\n\n\n\n<p>References and links to other websites.<\/p>\n\n\n\n<p>References and links to other websites are for information purposes only and the content, form and services offered by these websites are the sole responsibility of their authors. Access to and use of these sites is at the user&#8217;s own risk.<\/p>\n\n\n\n<h2 class=\"wp-block-heading\" id=\"protection-des-donnees\">Data protection<\/h2>\n\n\n\n<p>Article 13 of the Federal Constitution of the Swiss Confederation and the Vaud law on data protection as well as its application regulations stipulate that every person has the right to the protection of his or her private sphere, as well as to protection against the misuse of personal and sensitive data concerning him or her. The Coll\u00e8ge Champittet Foundation strictly observes these provisions.<\/p>\n\n\n\n<p>Personal data is treated confidentially and will not be sold or passed on to third parties without the prior consent of the person concerned.<\/p>\n\n\n\n<p>No personal data is recorded when accessing the home page. The Coll\u00e8ge Champittet Foundation&#8217;s web server only records non-personal statistical usage data, through cookies, to analyze the quality of its offer (files, logs). Usage data is not associated with personal data.<\/p>\n\n\n\n<p>However, these rules do not apply to voluntary contact.<\/p>\n\n\n\n<p>E-mail addresses or other data allowing the identification of the person are in no case transmitted to entities external to the Coll\u00e8ge Champittet Foundation without the prior consent of the persons concerned. Only the webmaster of the site keeps the e-mails received by the site. On the other hand, a complaint expressed by this means will be transmitted to the Legal Department of the Coll\u00e8ge Champittet Foundation and to the unit concerned for follow-up.<\/p>\n\n\n\n<h2 class=\"wp-block-heading\" id=\"droits-d-auteur\">Copyright<\/h2>\n\n\n\n<p>Copyright: Coll\u00e8ge Champittet Foundation , 2018.<\/p>\n\n\n\n<p>The information on this website is made available to the public. Downloading or copying texts, illustrations, photographs, videos or other data does not entail any transfer of rights to the contents, nor any other rights, such as in particular retransmission.<\/p>\n\n\n\n<p>The copyright and all other rights related to the texts, illustrations, photographs and other data placed on the Coll\u00e8ge Champittet Foundation&#8217;s website are its exclusive property or that of the expressly cited holders. Any reproduction or distribution is subject to the prior written authorization of the holder of the rights.<\/p>\n\n\n\n<p>Pully, August 2018<\/p>\n<\/div>\n\n\n\n<div style=\"height:100px\" aria-hidden=\"true\" class=\"wp-block-spacer\"><\/div>\n","protected":false},"excerpt":{"rendered":"<p>Limitation of liability Despite the great care it takes to ensure the accuracy of the information published on its site, the Coll\u00e8ge Champittet Foundation cannot be held responsible for the accuracy, currency, reliability and completeness of this information. The Coll\u00e8ge Champittet Foundation expressly reserves the right to modify part or all of the content of [&hellip;]<\/p>\n","protected":false},"author":1,"featured_media":0,"parent":0,"menu_order":0,"comment_status":"closed","ping_status":"closed","template":"","meta":{"_acf_changed":false,"_price":"","_stock":"","_tribe_ticket_header":"","_tribe_default_ticket_provider":"","_ticket_start_date":"","_ticket_end_date":"","_tribe_ticket_show_description":"","_tribe_ticket_show_not_going":false,"_tribe_ticket_use_global_stock":"","_tribe_ticket_global_stock_level":"","_global_stock_mode":"","_global_stock_cap":"","_tribe_rsvp_for_event":"","_tribe_ticket_going_count":"","_tribe_ticket_not_going_count":"","_tribe_tickets_list":"[]","_tribe_ticket_has_attendee_info_fields":false,"footnotes":"","_tec_slr_enabled":"","_tec_slr_layout":""},"class_list":["post-3212","page","type-page","status-publish","hentry"],"acf":[],"yoast_head":"<!-- This site is optimized with the Yoast SEO plugin v26.7 - https:\/\/yoast.com\/wordpress\/plugins\/seo\/ -->\n<title>Legal Notice - Fondation Coll\u00e8ge Champittet<\/title>\n<meta name=\"description\" content=\"Legal Notice Limitation of liability Despite the great care it takes to ensure the accuracy of the information published on its site, the Coll\u00e8ge\" \/>\n<meta name=\"robots\" content=\"index, follow, max-snippet:-1, max-image-preview:large, max-video-preview:-1\" \/>\n<link rel=\"canonical\" href=\"https:\/\/fondation-champittet.ch\/en\/legal-notice\/\" \/>\n<meta property=\"og:locale\" content=\"en_US\" \/>\n<meta property=\"og:type\" content=\"article\" \/>\n<meta property=\"og:title\" content=\"Legal Notice - Fondation Coll\u00e8ge Champittet\" \/>\n<meta property=\"og:description\" content=\"Legal Notice Limitation of liability Despite the great care it takes to ensure the accuracy of the information published on its site, the Coll\u00e8ge\" \/>\n<meta property=\"og:url\" content=\"https:\/\/fondation-champittet.ch\/en\/legal-notice\/\" \/>\n<meta property=\"og:site_name\" content=\"Fondation Coll\u00e8ge Champittet\" \/>\n<meta property=\"article:publisher\" content=\"https:\/\/www.facebook.com\/champittet\/\" \/>\n<meta property=\"article:modified_time\" content=\"2022-04-06T08:50:18+00:00\" \/>\n<meta property=\"og:image\" content=\"https:\/\/fondation-champittet.ch\/wp-content\/uploads\/2022\/01\/ezgif-5-3897768dc8.jpg\" \/>\n<meta name=\"twitter:card\" content=\"summary_large_image\" \/>\n<meta name=\"twitter:label1\" content=\"Est. reading time\" \/>\n\t<meta name=\"twitter:data1\" content=\"3 minutes\" \/>\n<script type=\"application\/ld+json\" class=\"yoast-schema-graph\">{\"@context\":\"https:\/\/schema.org\",\"@graph\":[{\"@type\":\"WebPage\",\"@id\":\"https:\/\/fondation-champittet.ch\/en\/legal-notice\/\",\"url\":\"https:\/\/fondation-champittet.ch\/en\/legal-notice\/\",\"name\":\"Legal Notice - Fondation Coll\u00e8ge Champittet\",\"isPartOf\":{\"@id\":\"https:\/\/fondation-champittet.ch\/#website\"},\"primaryImageOfPage\":{\"@id\":\"https:\/\/fondation-champittet.ch\/en\/legal-notice\/#primaryimage\"},\"image\":{\"@id\":\"https:\/\/fondation-champittet.ch\/en\/legal-notice\/#primaryimage\"},\"thumbnailUrl\":\"https:\/\/fondation-champittet.ch\/wp-content\/uploads\/2022\/01\/ezgif-5-3897768dc8.jpg\",\"datePublished\":\"2022-02-07T14:56:13+00:00\",\"dateModified\":\"2022-04-06T08:50:18+00:00\",\"description\":\"Legal Notice Limitation of liability Despite the great care it takes to ensure the accuracy of the information published on its site, the Coll\u00e8ge\",\"breadcrumb\":{\"@id\":\"https:\/\/fondation-champittet.ch\/en\/legal-notice\/#breadcrumb\"},\"inLanguage\":\"en-US\",\"potentialAction\":[{\"@type\":\"ReadAction\",\"target\":[\"https:\/\/fondation-champittet.ch\/en\/legal-notice\/\"]}]},{\"@type\":\"ImageObject\",\"inLanguage\":\"en-US\",\"@id\":\"https:\/\/fondation-champittet.ch\/en\/legal-notice\/#primaryimage\",\"url\":\"https:\/\/fondation-champittet.ch\/wp-content\/uploads\/2022\/01\/ezgif-5-3897768dc8.jpg\",\"contentUrl\":\"https:\/\/fondation-champittet.ch\/wp-content\/uploads\/2022\/01\/ezgif-5-3897768dc8.jpg\"},{\"@type\":\"BreadcrumbList\",\"@id\":\"https:\/\/fondation-champittet.ch\/en\/legal-notice\/#breadcrumb\",\"itemListElement\":[{\"@type\":\"ListItem\",\"position\":1,\"name\":\"Accueil\",\"item\":\"https:\/\/fondation-champittet.ch\/en\/\"},{\"@type\":\"ListItem\",\"position\":2,\"name\":\"Legal Notice\"}]},{\"@type\":\"WebSite\",\"@id\":\"https:\/\/fondation-champittet.ch\/#website\",\"url\":\"https:\/\/fondation-champittet.ch\/\",\"name\":\"Fondation Coll\u00e8ge Champittet\",\"description\":\"En faveur de l\u2019\u00e9ducation en Suisse et dans des pays d\u00e9favoris\u00e9s\",\"alternateName\":\"FCC\",\"potentialAction\":[{\"@type\":\"SearchAction\",\"target\":{\"@type\":\"EntryPoint\",\"urlTemplate\":\"https:\/\/fondation-champittet.ch\/?s={search_term_string}\"},\"query-input\":{\"@type\":\"PropertyValueSpecification\",\"valueRequired\":true,\"valueName\":\"search_term_string\"}}],\"inLanguage\":\"en-US\"}]}<\/script>\n<!-- \/ Yoast SEO plugin. -->","yoast_head_json":{"title":"Legal Notice - Fondation Coll\u00e8ge Champittet","description":"Legal Notice Limitation of liability Despite the great care it takes to ensure the accuracy of the information published on its site, the Coll\u00e8ge","robots":{"index":"index","follow":"follow","max-snippet":"max-snippet:-1","max-image-preview":"max-image-preview:large","max-video-preview":"max-video-preview:-1"},"canonical":"https:\/\/fondation-champittet.ch\/en\/legal-notice\/","og_locale":"en_US","og_type":"article","og_title":"Legal Notice - Fondation Coll\u00e8ge Champittet","og_description":"Legal Notice Limitation of liability Despite the great care it takes to ensure the accuracy of the information published on its site, the Coll\u00e8ge","og_url":"https:\/\/fondation-champittet.ch\/en\/legal-notice\/","og_site_name":"Fondation Coll\u00e8ge Champittet","article_publisher":"https:\/\/www.facebook.com\/champittet\/","article_modified_time":"2022-04-06T08:50:18+00:00","og_image":[{"url":"https:\/\/fondation-champittet.ch\/wp-content\/uploads\/2022\/01\/ezgif-5-3897768dc8.jpg","type":"","width":"","height":""}],"twitter_card":"summary_large_image","twitter_misc":{"Est. reading time":"3 minutes"},"schema":{"@context":"https:\/\/schema.org","@graph":[{"@type":"WebPage","@id":"https:\/\/fondation-champittet.ch\/en\/legal-notice\/","url":"https:\/\/fondation-champittet.ch\/en\/legal-notice\/","name":"Legal Notice - Fondation Coll\u00e8ge Champittet","isPartOf":{"@id":"https:\/\/fondation-champittet.ch\/#website"},"primaryImageOfPage":{"@id":"https:\/\/fondation-champittet.ch\/en\/legal-notice\/#primaryimage"},"image":{"@id":"https:\/\/fondation-champittet.ch\/en\/legal-notice\/#primaryimage"},"thumbnailUrl":"https:\/\/fondation-champittet.ch\/wp-content\/uploads\/2022\/01\/ezgif-5-3897768dc8.jpg","datePublished":"2022-02-07T14:56:13+00:00","dateModified":"2022-04-06T08:50:18+00:00","description":"Legal Notice Limitation of liability Despite the great care it takes to ensure the accuracy of the information published on its site, the Coll\u00e8ge","breadcrumb":{"@id":"https:\/\/fondation-champittet.ch\/en\/legal-notice\/#breadcrumb"},"inLanguage":"en-US","potentialAction":[{"@type":"ReadAction","target":["https:\/\/fondation-champittet.ch\/en\/legal-notice\/"]}]},{"@type":"ImageObject","inLanguage":"en-US","@id":"https:\/\/fondation-champittet.ch\/en\/legal-notice\/#primaryimage","url":"https:\/\/fondation-champittet.ch\/wp-content\/uploads\/2022\/01\/ezgif-5-3897768dc8.jpg","contentUrl":"https:\/\/fondation-champittet.ch\/wp-content\/uploads\/2022\/01\/ezgif-5-3897768dc8.jpg"},{"@type":"BreadcrumbList","@id":"https:\/\/fondation-champittet.ch\/en\/legal-notice\/#breadcrumb","itemListElement":[{"@type":"ListItem","position":1,"name":"Accueil","item":"https:\/\/fondation-champittet.ch\/en\/"},{"@type":"ListItem","position":2,"name":"Legal Notice"}]},{"@type":"WebSite","@id":"https:\/\/fondation-champittet.ch\/#website","url":"https:\/\/fondation-champittet.ch\/","name":"Fondation Coll\u00e8ge Champittet","description":"En faveur de l\u2019\u00e9ducation en Suisse et dans des pays d\u00e9favoris\u00e9s","alternateName":"FCC","potentialAction":[{"@type":"SearchAction","target":{"@type":"EntryPoint","urlTemplate":"https:\/\/fondation-champittet.ch\/?s={search_term_string}"},"query-input":{"@type":"PropertyValueSpecification","valueRequired":true,"valueName":"search_term_string"}}],"inLanguage":"en-US"}]}},"ticketed":false,"_links":{"self":[{"href":"https:\/\/fondation-champittet.ch\/en\/wp-json\/wp\/v2\/pages\/3212","targetHints":{"allow":["GET"]}}],"collection":[{"href":"https:\/\/fondation-champittet.ch\/en\/wp-json\/wp\/v2\/pages"}],"about":[{"href":"https:\/\/fondation-champittet.ch\/en\/wp-json\/wp\/v2\/types\/page"}],"author":[{"embeddable":true,"href":"https:\/\/fondation-champittet.ch\/en\/wp-json\/wp\/v2\/users\/1"}],"replies":[{"embeddable":true,"href":"https:\/\/fondation-champittet.ch\/en\/wp-json\/wp\/v2\/comments?post=3212"}],"version-history":[{"count":1,"href":"https:\/\/fondation-champittet.ch\/en\/wp-json\/wp\/v2\/pages\/3212\/revisions"}],"predecessor-version":[{"id":3213,"href":"https:\/\/fondation-champittet.ch\/en\/wp-json\/wp\/v2\/pages\/3212\/revisions\/3213"}],"wp:attachment":[{"href":"https:\/\/fondation-champittet.ch\/en\/wp-json\/wp\/v2\/media?parent=3212"}],"curies":[{"name":"wp","href":"https:\/\/api.w.org\/{rel}","templated":true}]}}