{"id":3207,"date":"2022-02-03T11:42:54","date_gmt":"2022-02-03T10:42:54","guid":{"rendered":"https:\/\/fondation-champittet.ch\/?page_id=3207"},"modified":"2026-02-06T15:55:14","modified_gmt":"2026-02-06T14:55:14","slug":"donations","status":"publish","type":"page","link":"https:\/\/fondation-champittet.ch\/en\/donations\/","title":{"rendered":"Donations"},"content":{"rendered":"\n<div class=\"wp-block-cover\"><img decoding=\"async\" width=\"2400\" height=\"1590\" class=\"wp-block-cover__image-background wp-image-296\" alt=\"\" src=\"https:\/\/fondation-champittet.ch\/wp-content\/uploads\/2022\/02\/Fondation-Champittet-Donation-Charity-slider.jpg\" data-object-fit=\"cover\" srcset=\"https:\/\/fondation-champittet.ch\/wp-content\/uploads\/2022\/02\/Fondation-Champittet-Donation-Charity-slider.jpg 2400w, https:\/\/fondation-champittet.ch\/wp-content\/uploads\/2022\/02\/Fondation-Champittet-Donation-Charity-slider-600x398.jpg 600w, https:\/\/fondation-champittet.ch\/wp-content\/uploads\/2022\/02\/Fondation-Champittet-Donation-Charity-slider-300x199.jpg 300w, https:\/\/fondation-champittet.ch\/wp-content\/uploads\/2022\/02\/Fondation-Champittet-Donation-Charity-slider-1024x678.jpg 1024w, https:\/\/fondation-champittet.ch\/wp-content\/uploads\/2022\/02\/Fondation-Champittet-Donation-Charity-slider-768x509.jpg 768w, https:\/\/fondation-champittet.ch\/wp-content\/uploads\/2022\/02\/Fondation-Champittet-Donation-Charity-slider-1536x1018.jpg 1536w, https:\/\/fondation-champittet.ch\/wp-content\/uploads\/2022\/02\/Fondation-Champittet-Donation-Charity-slider-2048x1357.jpg 2048w\" sizes=\"(max-width: 2400px) 100vw, 2400px\" \/><span aria-hidden=\"true\" class=\"wp-block-cover__background has-background-dim\"><\/span><div class=\"wp-block-cover__inner-container is-layout-flow wp-block-cover-is-layout-flow\">\n<h1 class=\"wp-block-heading\" id=\"donations\">Donations<\/h1>\n<\/div><\/div>\n\n\n\n<div style=\"height:100px\" aria-hidden=\"true\" class=\"wp-block-spacer\"><\/div>\n\n\n\n<div class=\"wp-block-columns is-layout-flex wp-container-core-columns-is-layout-9d6595d7 wp-block-columns-is-layout-flex\">\n<div class=\"wp-block-column is-layout-flow wp-block-column-is-layout-flow\" style=\"flex-basis:60%\">\n<p><s>Donate<\/s><\/p>\n\n\n\n<h2 class=\"wp-block-heading\" id=\"ne-laissez-pas-la-pauvrete-detruire-les-reves-de-quelqu-un\">Support our action!<\/h2>\n\n\n\n<h3 class=\"wp-block-heading\" id=\"ne-laissez-pas-la-pauvrete-detruire-les-reves-de-quelqu-un\"><strong>A huge thank you for your donation<\/strong><\/h3>\n\n\n\n<p>Because 98.2% of your donations are allocated either to the realization of projects we initiate to build schools for children who have none, or to associations such as the Jan &amp; Oscar Foundation or 1001fontaines that share the same commitment to helping children in need!<\/p>\n\n\n\n<p>Make an online donation by indicating the desired amount and clicking on the &#8220;make a donation&#8221; button.<\/p>\n\n\n<div id=\"donationblock_c41d73dc02c082081d8baf7c2b4373d0\" class=\"donation\">\n  \n  <form method=\"get\" action=\"https:\/\/fondation-champittet.ch\/commander\/\" id=\"donation-form\" class=\"charitable-donation-form charitable-form\">\n    <div class=\"donation-wrap \" style=\"border-top-left-radius:20px;border-top-right-radius:20px;\" >\n    <fieldset class=\"charitable-fieldset\">\n        <h3 class=\"h3-sm fw-5 txt-blue mb-3\">Select Your Donation Amount<\/h3>\n          <div class=\"charitable-donation-options\">\n            <ul class=\"donation-amounts\">\n              <!-- <li>\n                <input type=\"radio\" id=\"checkbox1\" name=\"add-to-cart\" class=\"custom-control-input\" value=\"98\">\n                <label for=\"checkbox1\">\n                  <span class=\"amount\">10 CHF<\/span> <span class=\"description\"><\/span>\n                <\/label>\n              <\/li>\n              <li >\n                <input type=\"radio\" id=\"checkbox2\" name=\"add-to-cart\" value=\"99\">\n                <label for=\"checkbox2\">\n                  <span class=\"amount\">20 CHF<\/span> <span class=\"description\"><\/span>\n                <\/label>\n              <\/li> -->\n              <li>\n                <input type=\"radio\" id=\"checkbox1\" name=\"add-to-cart\" value=\"100\">\n                <label for=\"checkbox1\">\n                  <span class=\"amount\">100 CHF<\/span> <span class=\"description\"><\/span>\n                <\/label>\n              <\/li>\n              <li>\n                <input type=\"radio\" id=\"checkbox2\" name=\"add-to-cart\" value=\"101\">\n                <label for=\"checkbox2\">\n                  <span class=\"amount\">500 CHF<\/span> <span class=\"description\"><\/span>\n                <\/label>\n              <\/li>\n              <li>\n                <input type=\"radio\" id=\"checkbox3\" name=\"add-to-cart\" value=\"102\">\n                <label for=\"checkbox3\">\n                  <span class=\"amount\">1000 CHF<\/span> <span class=\"description\"><\/span>\n                <\/label>\n              <\/li>\n              <li>\n                <input type=\"radio\" id=\"checkbox4\" name=\"add-to-cart\" value=\"7052\">\n                <label for=\"checkbox4\">\n                  <span class=\"amount\">2000 CHF<\/span> <span class=\"description\"><\/span>\n                <\/label>\n              <\/li>\n              <li>\n                <input type=\"radio\" id=\"checkbox5\" name=\"add-to-cart\" value=\"7051\">\n                <label for=\"checkbox5\">\n                  <span class=\"amount\">5000 CHF<\/span> <span class=\"description\"><\/span>\n                <\/label>\n              <\/li>\n              <span class=\"w-100\"><\/span>\n              <li class=\"w-100 custom-donation-amount mt-3\">\n                <!-- <span class=\"custom-donation-amount-wrapper\"> -->\n                <!-- <label for=\"form-61fa4aa59830a-field-custom-amount\"> -->\n                <input type=\"hidden\" id=\"checkbox6\" name=\"add-to-cart\" value=\"104\">\n                <!-- <\/label> -->\n                <input type=\"number\" class=\"donation-input form-control\" name=\"alg_open_price\" placeholder=\"Custom Amount\" value=\"\" required>\n                <!-- <\/span> -->\n              <\/li>\n            <\/ul><!-- .donation-amounts -->\n          <\/div><!-- .charitable-donation-options -->\n      <\/fieldset>\n            <fieldset class=\"charitable-fieldset\">\n        <h3 class=\"h3-sm fw-5 mb-3\">Details<\/h3>\n          <div id=\"charitable-user-fields\">\n            <p>If you wish, you can choose a specific project<\/p>\n            <div id=\"charitable_field_note\" class=\"mb-3\">\n              <select class=\"form-select\" name=\"tu_note\" aria-label=\"Default select example\">\n                <option selected>Choose a specific project<\/option>\n                <option value=\"crans-montana\">Crans-Montana<\/option>\n                <option value=\"madagascar\">Madagascar<\/option>\n                <option value=\"thailande\">Thailand<\/option>\n                <option value=\"liban\">Lebanon<\/option>\n                <option value=\"autre\">Other<\/option>\n                <!-- <option value=\"vin-du-120\">120th anniversary commemorative wine <\/option> -->\n                <!-- <option value=\"suisse\">Switzerland - Fair Play<\/option>\n                <option value=\"ukraine\">Ukraine<\/option> -->\n              <\/select>\n            <\/div>\n            <div id=\"charitable_field_first_name\" class=\"mb-3\">\n              <input type=\"text\" name=\"tu_name\" class=\"form-control\" placeholder=\"First name\" value=\"\" required=\"required\">\n            <\/div>\n            <div id=\"charitable_field_last_name\" class=\"mb-3\">\n              <input type=\"text\" name=\"tu_lname\" class=\"form-control\" placeholder=\"Last name\" value=\"\" required=\"required\">\n            <\/div>\n            <div id=\"charitable_field_email\" class=\"mb-3\">\n              <input type=\"email\" name=\"tu_em\" class=\"form-control\" placeholder=\"Email\" value=\"\" required=\"required\">\n            <\/div>\n          <\/div><!-- #charitable-user-fields -->\n      <\/fieldset>\n            <div class=\"charitable-form-field charitable-submit-field\">\n        <button class=\" btn btn-default\" type=\"submit\">\n          <svg xmlns=\"http:\/\/www.w3.org\/2000\/svg\" width=\"24\" height=\"24\" viewBox=\"0 0 24 24\" fill=\"none\" stroke=\"currentColor\" stroke-width=\"1.5\" stroke-linecap=\"round\" stroke-linejoin=\"round\" class=\"feather feather-heart\"><path d=\"M20.84 4.61a5.5 5.5 0 0 0-7.78 0L12 5.67l-1.06-1.06a5.5 5.5 0 0 0-7.78 7.78l1.06 1.06L12 21.23l7.78-7.78 1.06-1.06a5.5 5.5 0 0 0 0-7.78z\"><\/path><\/svg>\n          Donate Now        <\/button>\n      <\/div>\n    <\/div><!-- \/.donation-wrap -->\n  <\/form>\n<\/div><\/div>\n\n\n\n<div class=\"wp-block-column is-layout-flow wp-block-column-is-layout-flow\" style=\"flex-basis:30%\"><\/div>\n<\/div>\n\n\n\n<div style=\"height:100px\" aria-hidden=\"true\" class=\"wp-block-spacer\"><\/div>\n","protected":false},"excerpt":{"rendered":"<p>Donate Support our action! A huge thank you for your donation Because 98.2% of your donations are allocated either to the realization of projects we initiate to build schools for children who have none, or to associations such as the Jan &amp; Oscar Foundation or 1001fontaines that share the same commitment to helping children in [&hellip;]<\/p>\n","protected":false},"author":1,"featured_media":0,"parent":0,"menu_order":0,"comment_status":"closed","ping_status":"closed","template":"","meta":{"_acf_changed":false,"_price":"","_stock":"","_tribe_ticket_header":"","_tribe_default_ticket_provider":"","_ticket_start_date":"","_ticket_end_date":"","_tribe_ticket_show_description":"","_tribe_ticket_show_not_going":false,"_tribe_ticket_use_global_stock":"","_tribe_ticket_global_stock_level":"","_global_stock_mode":"","_global_stock_cap":"","_tribe_rsvp_for_event":"","_tribe_ticket_going_count":"","_tribe_ticket_not_going_count":"","_tribe_tickets_list":"[]","_tribe_ticket_has_attendee_info_fields":false,"footnotes":"","_tec_slr_enabled":"","_tec_slr_layout":""},"class_list":["post-3207","page","type-page","status-publish","hentry"],"acf":[],"yoast_head":"<!-- This site is optimized with the Yoast SEO plugin v26.7 - https:\/\/yoast.com\/wordpress\/plugins\/seo\/ -->\n<title>Donations - Fondation Coll\u00e8ge Champittet<\/title>\n<meta name=\"description\" content=\"Support our action - Make a donation to the Champittet Foundation - Helping children in need - Jan and Oscar Foundation - 1001 Fontaines\" \/>\n<meta name=\"robots\" content=\"index, follow, max-snippet:-1, max-image-preview:large, max-video-preview:-1\" \/>\n<link rel=\"canonical\" href=\"https:\/\/fondation-champittet.ch\/en\/donations\/\" \/>\n<meta property=\"og:locale\" content=\"en_US\" \/>\n<meta property=\"og:type\" content=\"article\" \/>\n<meta property=\"og:title\" content=\"Donations - Fondation Coll\u00e8ge Champittet\" \/>\n<meta property=\"og:description\" content=\"Support our action - Make a donation to the Champittet Foundation - Helping children in need - Jan and Oscar Foundation - 1001 Fontaines\" \/>\n<meta property=\"og:url\" content=\"https:\/\/fondation-champittet.ch\/en\/donations\/\" \/>\n<meta property=\"og:site_name\" content=\"Fondation Coll\u00e8ge Champittet\" \/>\n<meta property=\"article:publisher\" content=\"https:\/\/www.facebook.com\/champittet\/\" \/>\n<meta property=\"article:modified_time\" content=\"2026-02-06T14:55:14+00:00\" \/>\n<meta property=\"og:image\" content=\"https:\/\/fondation-champittet.ch\/wp-content\/uploads\/2022\/02\/Fondation-Champittet-Donation-Charity-slider.jpg\" \/>\n\t<meta property=\"og:image:width\" content=\"2400\" \/>\n\t<meta property=\"og:image:height\" content=\"1590\" \/>\n\t<meta property=\"og:image:type\" content=\"image\/jpeg\" \/>\n<meta name=\"twitter:card\" content=\"summary_large_image\" \/>\n<meta name=\"twitter:label1\" content=\"Est. reading time\" \/>\n\t<meta name=\"twitter:data1\" content=\"1 minute\" \/>\n<script type=\"application\/ld+json\" class=\"yoast-schema-graph\">{\"@context\":\"https:\/\/schema.org\",\"@graph\":[{\"@type\":\"WebPage\",\"@id\":\"https:\/\/fondation-champittet.ch\/en\/donations\/\",\"url\":\"https:\/\/fondation-champittet.ch\/en\/donations\/\",\"name\":\"Donations - Fondation Coll\u00e8ge Champittet\",\"isPartOf\":{\"@id\":\"https:\/\/fondation-champittet.ch\/#website\"},\"primaryImageOfPage\":{\"@id\":\"https:\/\/fondation-champittet.ch\/en\/donations\/#primaryimage\"},\"image\":{\"@id\":\"https:\/\/fondation-champittet.ch\/en\/donations\/#primaryimage\"},\"thumbnailUrl\":\"https:\/\/fondation-champittet.ch\/wp-content\/uploads\/2022\/02\/Fondation-Champittet-Donation-Charity-slider.jpg\",\"datePublished\":\"2022-02-03T10:42:54+00:00\",\"dateModified\":\"2026-02-06T14:55:14+00:00\",\"description\":\"Support our action - Make a donation to the Champittet Foundation - Helping children in need - Jan and Oscar Foundation - 1001 Fontaines\",\"breadcrumb\":{\"@id\":\"https:\/\/fondation-champittet.ch\/en\/donations\/#breadcrumb\"},\"inLanguage\":\"en-US\",\"potentialAction\":[{\"@type\":\"ReadAction\",\"target\":[\"https:\/\/fondation-champittet.ch\/en\/donations\/\"]}]},{\"@type\":\"ImageObject\",\"inLanguage\":\"en-US\",\"@id\":\"https:\/\/fondation-champittet.ch\/en\/donations\/#primaryimage\",\"url\":\"https:\/\/fondation-champittet.ch\/wp-content\/uploads\/2022\/02\/Fondation-Champittet-Donation-Charity-slider.jpg\",\"contentUrl\":\"https:\/\/fondation-champittet.ch\/wp-content\/uploads\/2022\/02\/Fondation-Champittet-Donation-Charity-slider.jpg\"},{\"@type\":\"BreadcrumbList\",\"@id\":\"https:\/\/fondation-champittet.ch\/en\/donations\/#breadcrumb\",\"itemListElement\":[{\"@type\":\"ListItem\",\"position\":1,\"name\":\"Accueil\",\"item\":\"https:\/\/fondation-champittet.ch\/en\/\"},{\"@type\":\"ListItem\",\"position\":2,\"name\":\"Donations\"}]},{\"@type\":\"WebSite\",\"@id\":\"https:\/\/fondation-champittet.ch\/#website\",\"url\":\"https:\/\/fondation-champittet.ch\/\",\"name\":\"Fondation Coll\u00e8ge Champittet\",\"description\":\"En faveur de l\u2019\u00e9ducation en Suisse et dans des pays d\u00e9favoris\u00e9s\",\"alternateName\":\"FCC\",\"potentialAction\":[{\"@type\":\"SearchAction\",\"target\":{\"@type\":\"EntryPoint\",\"urlTemplate\":\"https:\/\/fondation-champittet.ch\/?s={search_term_string}\"},\"query-input\":{\"@type\":\"PropertyValueSpecification\",\"valueRequired\":true,\"valueName\":\"search_term_string\"}}],\"inLanguage\":\"en-US\"}]}<\/script>\n<!-- \/ Yoast SEO plugin. -->","yoast_head_json":{"title":"Donations - Fondation Coll\u00e8ge Champittet","description":"Support our action - Make a donation to the Champittet Foundation - Helping children in need - Jan and Oscar Foundation - 1001 Fontaines","robots":{"index":"index","follow":"follow","max-snippet":"max-snippet:-1","max-image-preview":"max-image-preview:large","max-video-preview":"max-video-preview:-1"},"canonical":"https:\/\/fondation-champittet.ch\/en\/donations\/","og_locale":"en_US","og_type":"article","og_title":"Donations - Fondation Coll\u00e8ge Champittet","og_description":"Support our action - Make a donation to the Champittet Foundation - Helping children in need - Jan and Oscar Foundation - 1001 Fontaines","og_url":"https:\/\/fondation-champittet.ch\/en\/donations\/","og_site_name":"Fondation Coll\u00e8ge Champittet","article_publisher":"https:\/\/www.facebook.com\/champittet\/","article_modified_time":"2026-02-06T14:55:14+00:00","og_image":[{"width":2400,"height":1590,"url":"https:\/\/fondation-champittet.ch\/wp-content\/uploads\/2022\/02\/Fondation-Champittet-Donation-Charity-slider.jpg","type":"image\/jpeg"}],"twitter_card":"summary_large_image","twitter_misc":{"Est. reading time":"1 minute"},"schema":{"@context":"https:\/\/schema.org","@graph":[{"@type":"WebPage","@id":"https:\/\/fondation-champittet.ch\/en\/donations\/","url":"https:\/\/fondation-champittet.ch\/en\/donations\/","name":"Donations - Fondation Coll\u00e8ge Champittet","isPartOf":{"@id":"https:\/\/fondation-champittet.ch\/#website"},"primaryImageOfPage":{"@id":"https:\/\/fondation-champittet.ch\/en\/donations\/#primaryimage"},"image":{"@id":"https:\/\/fondation-champittet.ch\/en\/donations\/#primaryimage"},"thumbnailUrl":"https:\/\/fondation-champittet.ch\/wp-content\/uploads\/2022\/02\/Fondation-Champittet-Donation-Charity-slider.jpg","datePublished":"2022-02-03T10:42:54+00:00","dateModified":"2026-02-06T14:55:14+00:00","description":"Support our action - Make a donation to the Champittet Foundation - Helping children in need - Jan and Oscar Foundation - 1001 Fontaines","breadcrumb":{"@id":"https:\/\/fondation-champittet.ch\/en\/donations\/#breadcrumb"},"inLanguage":"en-US","potentialAction":[{"@type":"ReadAction","target":["https:\/\/fondation-champittet.ch\/en\/donations\/"]}]},{"@type":"ImageObject","inLanguage":"en-US","@id":"https:\/\/fondation-champittet.ch\/en\/donations\/#primaryimage","url":"https:\/\/fondation-champittet.ch\/wp-content\/uploads\/2022\/02\/Fondation-Champittet-Donation-Charity-slider.jpg","contentUrl":"https:\/\/fondation-champittet.ch\/wp-content\/uploads\/2022\/02\/Fondation-Champittet-Donation-Charity-slider.jpg"},{"@type":"BreadcrumbList","@id":"https:\/\/fondation-champittet.ch\/en\/donations\/#breadcrumb","itemListElement":[{"@type":"ListItem","position":1,"name":"Accueil","item":"https:\/\/fondation-champittet.ch\/en\/"},{"@type":"ListItem","position":2,"name":"Donations"}]},{"@type":"WebSite","@id":"https:\/\/fondation-champittet.ch\/#website","url":"https:\/\/fondation-champittet.ch\/","name":"Fondation Coll\u00e8ge Champittet","description":"En faveur de l\u2019\u00e9ducation en Suisse et dans des pays d\u00e9favoris\u00e9s","alternateName":"FCC","potentialAction":[{"@type":"SearchAction","target":{"@type":"EntryPoint","urlTemplate":"https:\/\/fondation-champittet.ch\/?s={search_term_string}"},"query-input":{"@type":"PropertyValueSpecification","valueRequired":true,"valueName":"search_term_string"}}],"inLanguage":"en-US"}]}},"ticketed":false,"_links":{"self":[{"href":"https:\/\/fondation-champittet.ch\/en\/wp-json\/wp\/v2\/pages\/3207","targetHints":{"allow":["GET"]}}],"collection":[{"href":"https:\/\/fondation-champittet.ch\/en\/wp-json\/wp\/v2\/pages"}],"about":[{"href":"https:\/\/fondation-champittet.ch\/en\/wp-json\/wp\/v2\/types\/page"}],"author":[{"embeddable":true,"href":"https:\/\/fondation-champittet.ch\/en\/wp-json\/wp\/v2\/users\/1"}],"replies":[{"embeddable":true,"href":"https:\/\/fondation-champittet.ch\/en\/wp-json\/wp\/v2\/comments?post=3207"}],"version-history":[{"count":5,"href":"https:\/\/fondation-champittet.ch\/en\/wp-json\/wp\/v2\/pages\/3207\/revisions"}],"predecessor-version":[{"id":7056,"href":"https:\/\/fondation-champittet.ch\/en\/wp-json\/wp\/v2\/pages\/3207\/revisions\/7056"}],"wp:attachment":[{"href":"https:\/\/fondation-champittet.ch\/en\/wp-json\/wp\/v2\/media?parent=3207"}],"curies":[{"name":"wp","href":"https:\/\/api.w.org\/{rel}","templated":true}]}}