{"id":3204,"date":"2022-02-01T11:27:47","date_gmt":"2022-02-01T10:27:47","guid":{"rendered":"https:\/\/fondation-champittet.ch\/?page_id=3204"},"modified":"2024-11-04T14:39:17","modified_gmt":"2024-11-04T13:39:17","slug":"contact-us","status":"publish","type":"page","link":"https:\/\/fondation-champittet.ch\/en\/contact-us\/","title":{"rendered":"Contact us"},"content":{"rendered":"\n<div class=\"wp-block-cover is-light\"><span aria-hidden=\"true\" class=\"wp-block-cover__background has-background-dim\"><\/span><img decoding=\"async\" width=\"1920\" height=\"839\" class=\"wp-block-cover__image-background wp-image-69\" alt=\"\" src=\"https:\/\/fondation-champittet.ch\/wp-content\/uploads\/2022\/01\/ezgif-5-3897768dc8.jpg\" data-object-fit=\"cover\" srcset=\"https:\/\/fondation-champittet.ch\/wp-content\/uploads\/2022\/01\/ezgif-5-3897768dc8.jpg 1920w, https:\/\/fondation-champittet.ch\/wp-content\/uploads\/2022\/01\/ezgif-5-3897768dc8-600x262.jpg 600w, https:\/\/fondation-champittet.ch\/wp-content\/uploads\/2022\/01\/ezgif-5-3897768dc8-300x131.jpg 300w, https:\/\/fondation-champittet.ch\/wp-content\/uploads\/2022\/01\/ezgif-5-3897768dc8-1024x447.jpg 1024w, https:\/\/fondation-champittet.ch\/wp-content\/uploads\/2022\/01\/ezgif-5-3897768dc8-768x336.jpg 768w, https:\/\/fondation-champittet.ch\/wp-content\/uploads\/2022\/01\/ezgif-5-3897768dc8-1536x671.jpg 1536w\" sizes=\"(max-width: 1920px) 100vw, 1920px\" \/><div class=\"wp-block-cover__inner-container is-layout-flow wp-block-cover-is-layout-flow\">\n<h2 class=\"wp-block-heading\" id=\"nous-contacter\"><strong>Contact us<\/strong><\/h2>\n<\/div><\/div>\n\n\n\n<div style=\"height:100px\" aria-hidden=\"true\" class=\"wp-block-spacer\"><\/div>\n\n\n\n<div class=\"wp-block-group container contact is-layout-flow wp-block-group-is-layout-flow\">\n<p id=\"get-in-touch\"><small><s>Get in touch with us&nbsp;<\/s><\/small><\/p>\n\n\n\n<p>For further information, please fill in the form below.<\/p>\n\n\n\n<div class=\"wp-block-columns is-layout-flex wp-container-core-columns-is-layout-9d6595d7 wp-block-columns-is-layout-flex\">\n<div class=\"wp-block-column is-layout-flow wp-block-column-is-layout-flow\" style=\"flex-basis:33.33%\">\n<div class=\"wp-block-group has-background is-layout-flow wp-block-group-is-layout-flow\" style=\"background-color:#beafb1\">\n<div style=\"height:25px\" aria-hidden=\"true\" class=\"wp-block-spacer\"><\/div>\n\n\n\n<div class=\"wp-block-group is-nowrap is-layout-flex wp-container-core-group-is-layout-ad2f72ca wp-block-group-is-layout-flex\">\n<figure class=\"wp-block-image size-full is-resized\"><img decoding=\"async\" src=\"https:\/\/fondation-champittet.ch\/wp-content\/uploads\/2024\/11\/marker.svg\" alt=\"\" class=\"wp-image-4937\" style=\"object-fit:contain;width:50px;height:50px\"\/><\/figure>\n\n\n\n<div class=\"wp-block-group is-layout-constrained wp-block-group-is-layout-constrained\">\n<h3 class=\"wp-block-heading\" id=\"our-address\">Our address<\/h3>\n\n\n\n<p>Chemin de Champittet 1, 1009 Pully, Switzerland<\/p>\n<\/div>\n<\/div>\n\n\n\n<div style=\"height:25px\" aria-hidden=\"true\" class=\"wp-block-spacer\"><\/div>\n<\/div>\n<\/div>\n\n\n\n<div class=\"wp-block-column is-layout-flow wp-block-column-is-layout-flow\" style=\"flex-basis:33.333%\">\n<div class=\"wp-block-group has-background is-layout-flow wp-block-group-is-layout-flow\" style=\"background-color:#d9e7db\">\n<div style=\"height:30px\" aria-hidden=\"true\" class=\"wp-block-spacer\"><\/div>\n\n\n\n<div class=\"wp-block-group is-nowrap is-layout-flex wp-container-core-group-is-layout-ad2f72ca wp-block-group-is-layout-flex\">\n<figure class=\"wp-block-image size-full is-resized\"><img decoding=\"async\" src=\"https:\/\/fondation-champittet.ch\/wp-content\/uploads\/2024\/11\/phone.svg\" alt=\"\" class=\"wp-image-4941\" style=\"object-fit:contain;width:40px;height:40px\"\/><\/figure>\n\n\n\n<div class=\"wp-block-group is-layout-constrained wp-block-group-is-layout-constrained\">\n<h3 class=\"wp-block-heading\" id=\"our-address\">Telephone number<\/h3>\n\n\n\n<p>+41 (0)21 721 05 05<\/p>\n<\/div>\n<\/div>\n\n\n\n<div style=\"height:50px\" aria-hidden=\"true\" class=\"wp-block-spacer\"><\/div>\n<\/div>\n<\/div>\n\n\n\n<div class=\"wp-block-column is-layout-flow wp-block-column-is-layout-flow\" style=\"flex-basis:33.333%\">\n<div class=\"wp-block-group has-background is-layout-flow wp-block-group-is-layout-flow\" style=\"background-color:#fafafa\">\n<div style=\"height:30px\" aria-hidden=\"true\" class=\"wp-block-spacer\"><\/div>\n\n\n\n<div class=\"wp-block-group is-nowrap is-layout-flex wp-container-core-group-is-layout-ad2f72ca wp-block-group-is-layout-flex\">\n<figure class=\"wp-block-image size-full is-resized\"><img decoding=\"async\" src=\"https:\/\/fondation-champittet.ch\/wp-content\/uploads\/2024\/11\/envelop.svg\" alt=\"\" class=\"wp-image-4939\" style=\"object-fit:contain;width:40px;height:40px\"\/><\/figure>\n\n\n\n<div class=\"wp-block-group is-layout-constrained wp-block-group-is-layout-constrained\">\n<h3 class=\"wp-block-heading\" id=\"our-address\">E-mail address<\/h3>\n\n\n\n<p><a href=\"mailto:fondation@champittet.ch\">fondation@champittet.ch<\/a><\/p>\n<\/div>\n<\/div>\n\n\n\n<div style=\"height:50px\" aria-hidden=\"true\" class=\"wp-block-spacer\"><\/div>\n<\/div>\n<\/div>\n<\/div>\n<\/div>\n","protected":false},"excerpt":{"rendered":"<p>Get in touch with us&nbsp; For further information, please fill in the form below. Our address Chemin de Champittet 1, 1009 Pully, Switzerland Telephone number +41 (0)21 721 05 05 E-mail address fondation@champittet.ch<\/p>\n","protected":false},"author":1,"featured_media":0,"parent":0,"menu_order":0,"comment_status":"closed","ping_status":"closed","template":"","meta":{"_acf_changed":false,"_price":"","_stock":"","_tribe_ticket_header":"","_tribe_default_ticket_provider":"","_ticket_start_date":"","_ticket_end_date":"","_tribe_ticket_show_description":"","_tribe_ticket_show_not_going":false,"_tribe_ticket_use_global_stock":"","_tribe_ticket_global_stock_level":"","_global_stock_mode":"","_global_stock_cap":"","_tribe_rsvp_for_event":"","_tribe_ticket_going_count":"","_tribe_ticket_not_going_count":"","_tribe_tickets_list":"[]","_tribe_ticket_has_attendee_info_fields":false,"footnotes":"","_tec_slr_enabled":"","_tec_slr_layout":""},"class_list":["post-3204","page","type-page","status-publish","hentry"],"acf":[],"yoast_head":"<!-- This site is optimized with the Yoast SEO plugin v26.7 - https:\/\/yoast.com\/wordpress\/plugins\/seo\/ -->\n<title>Contact us - Fondation Coll\u00e8ge Champittet<\/title>\n<meta name=\"description\" content=\"Fondation Champittet&#039;s contact form - Contact &amp; Access - Please contact us for further information about the ball or donation\" \/>\n<meta name=\"robots\" content=\"index, follow, max-snippet:-1, max-image-preview:large, max-video-preview:-1\" \/>\n<link rel=\"canonical\" href=\"https:\/\/fondation-champittet.ch\/en\/contact-us\/\" \/>\n<meta property=\"og:locale\" content=\"en_US\" \/>\n<meta property=\"og:type\" content=\"article\" \/>\n<meta property=\"og:title\" content=\"Contact us - Fondation Coll\u00e8ge Champittet\" \/>\n<meta property=\"og:description\" content=\"Fondation Champittet&#039;s contact form - Contact &amp; Access - Please contact us for further information about the ball or donation\" \/>\n<meta property=\"og:url\" content=\"https:\/\/fondation-champittet.ch\/en\/contact-us\/\" \/>\n<meta property=\"og:site_name\" content=\"Fondation Coll\u00e8ge Champittet\" \/>\n<meta property=\"article:publisher\" content=\"https:\/\/www.facebook.com\/champittet\/\" \/>\n<meta property=\"article:modified_time\" content=\"2024-11-04T13:39:17+00:00\" \/>\n<meta property=\"og:image\" content=\"https:\/\/fondation-champittet.ch\/wp-content\/uploads\/2022\/01\/ezgif-5-3897768dc8.jpg\" \/>\n\t<meta property=\"og:image:width\" content=\"1920\" \/>\n\t<meta property=\"og:image:height\" content=\"839\" \/>\n\t<meta property=\"og:image:type\" content=\"image\/jpeg\" \/>\n<meta name=\"twitter:card\" content=\"summary_large_image\" \/>\n<meta name=\"twitter:label1\" content=\"Est. reading time\" \/>\n\t<meta name=\"twitter:data1\" content=\"1 minute\" \/>\n<script type=\"application\/ld+json\" class=\"yoast-schema-graph\">{\"@context\":\"https:\/\/schema.org\",\"@graph\":[{\"@type\":\"WebPage\",\"@id\":\"https:\/\/fondation-champittet.ch\/en\/contact-us\/\",\"url\":\"https:\/\/fondation-champittet.ch\/en\/contact-us\/\",\"name\":\"Contact us - Fondation Coll\u00e8ge Champittet\",\"isPartOf\":{\"@id\":\"https:\/\/fondation-champittet.ch\/#website\"},\"primaryImageOfPage\":{\"@id\":\"https:\/\/fondation-champittet.ch\/en\/contact-us\/#primaryimage\"},\"image\":{\"@id\":\"https:\/\/fondation-champittet.ch\/en\/contact-us\/#primaryimage\"},\"thumbnailUrl\":\"https:\/\/fondation-champittet.ch\/wp-content\/uploads\/2022\/01\/ezgif-5-3897768dc8.jpg\",\"datePublished\":\"2022-02-01T10:27:47+00:00\",\"dateModified\":\"2024-11-04T13:39:17+00:00\",\"description\":\"Fondation Champittet's contact form - Contact & Access - Please contact us for further information about the ball or donation\",\"breadcrumb\":{\"@id\":\"https:\/\/fondation-champittet.ch\/en\/contact-us\/#breadcrumb\"},\"inLanguage\":\"en-US\",\"potentialAction\":[{\"@type\":\"ReadAction\",\"target\":[\"https:\/\/fondation-champittet.ch\/en\/contact-us\/\"]}]},{\"@type\":\"ImageObject\",\"inLanguage\":\"en-US\",\"@id\":\"https:\/\/fondation-champittet.ch\/en\/contact-us\/#primaryimage\",\"url\":\"https:\/\/fondation-champittet.ch\/wp-content\/uploads\/2022\/01\/ezgif-5-3897768dc8.jpg\",\"contentUrl\":\"https:\/\/fondation-champittet.ch\/wp-content\/uploads\/2022\/01\/ezgif-5-3897768dc8.jpg\"},{\"@type\":\"BreadcrumbList\",\"@id\":\"https:\/\/fondation-champittet.ch\/en\/contact-us\/#breadcrumb\",\"itemListElement\":[{\"@type\":\"ListItem\",\"position\":1,\"name\":\"Accueil\",\"item\":\"https:\/\/fondation-champittet.ch\/en\/\"},{\"@type\":\"ListItem\",\"position\":2,\"name\":\"Contact us\"}]},{\"@type\":\"WebSite\",\"@id\":\"https:\/\/fondation-champittet.ch\/#website\",\"url\":\"https:\/\/fondation-champittet.ch\/\",\"name\":\"Fondation Coll\u00e8ge Champittet\",\"description\":\"En faveur de l\u2019\u00e9ducation en Suisse et dans des pays d\u00e9favoris\u00e9s\",\"alternateName\":\"FCC\",\"potentialAction\":[{\"@type\":\"SearchAction\",\"target\":{\"@type\":\"EntryPoint\",\"urlTemplate\":\"https:\/\/fondation-champittet.ch\/?s={search_term_string}\"},\"query-input\":{\"@type\":\"PropertyValueSpecification\",\"valueRequired\":true,\"valueName\":\"search_term_string\"}}],\"inLanguage\":\"en-US\"}]}<\/script>\n<!-- \/ Yoast SEO plugin. -->","yoast_head_json":{"title":"Contact us - Fondation Coll\u00e8ge Champittet","description":"Fondation Champittet's contact form - Contact & Access - Please contact us for further information about the ball or donation","robots":{"index":"index","follow":"follow","max-snippet":"max-snippet:-1","max-image-preview":"max-image-preview:large","max-video-preview":"max-video-preview:-1"},"canonical":"https:\/\/fondation-champittet.ch\/en\/contact-us\/","og_locale":"en_US","og_type":"article","og_title":"Contact us - Fondation Coll\u00e8ge Champittet","og_description":"Fondation Champittet's contact form - Contact & Access - Please contact us for further information about the ball or donation","og_url":"https:\/\/fondation-champittet.ch\/en\/contact-us\/","og_site_name":"Fondation Coll\u00e8ge Champittet","article_publisher":"https:\/\/www.facebook.com\/champittet\/","article_modified_time":"2024-11-04T13:39:17+00:00","og_image":[{"width":1920,"height":839,"url":"https:\/\/fondation-champittet.ch\/wp-content\/uploads\/2022\/01\/ezgif-5-3897768dc8.jpg","type":"image\/jpeg"}],"twitter_card":"summary_large_image","twitter_misc":{"Est. reading time":"1 minute"},"schema":{"@context":"https:\/\/schema.org","@graph":[{"@type":"WebPage","@id":"https:\/\/fondation-champittet.ch\/en\/contact-us\/","url":"https:\/\/fondation-champittet.ch\/en\/contact-us\/","name":"Contact us - Fondation Coll\u00e8ge Champittet","isPartOf":{"@id":"https:\/\/fondation-champittet.ch\/#website"},"primaryImageOfPage":{"@id":"https:\/\/fondation-champittet.ch\/en\/contact-us\/#primaryimage"},"image":{"@id":"https:\/\/fondation-champittet.ch\/en\/contact-us\/#primaryimage"},"thumbnailUrl":"https:\/\/fondation-champittet.ch\/wp-content\/uploads\/2022\/01\/ezgif-5-3897768dc8.jpg","datePublished":"2022-02-01T10:27:47+00:00","dateModified":"2024-11-04T13:39:17+00:00","description":"Fondation Champittet's contact form - Contact & Access - Please contact us for further information about the ball or donation","breadcrumb":{"@id":"https:\/\/fondation-champittet.ch\/en\/contact-us\/#breadcrumb"},"inLanguage":"en-US","potentialAction":[{"@type":"ReadAction","target":["https:\/\/fondation-champittet.ch\/en\/contact-us\/"]}]},{"@type":"ImageObject","inLanguage":"en-US","@id":"https:\/\/fondation-champittet.ch\/en\/contact-us\/#primaryimage","url":"https:\/\/fondation-champittet.ch\/wp-content\/uploads\/2022\/01\/ezgif-5-3897768dc8.jpg","contentUrl":"https:\/\/fondation-champittet.ch\/wp-content\/uploads\/2022\/01\/ezgif-5-3897768dc8.jpg"},{"@type":"BreadcrumbList","@id":"https:\/\/fondation-champittet.ch\/en\/contact-us\/#breadcrumb","itemListElement":[{"@type":"ListItem","position":1,"name":"Accueil","item":"https:\/\/fondation-champittet.ch\/en\/"},{"@type":"ListItem","position":2,"name":"Contact us"}]},{"@type":"WebSite","@id":"https:\/\/fondation-champittet.ch\/#website","url":"https:\/\/fondation-champittet.ch\/","name":"Fondation Coll\u00e8ge Champittet","description":"En faveur de l\u2019\u00e9ducation en Suisse et dans des pays d\u00e9favoris\u00e9s","alternateName":"FCC","potentialAction":[{"@type":"SearchAction","target":{"@type":"EntryPoint","urlTemplate":"https:\/\/fondation-champittet.ch\/?s={search_term_string}"},"query-input":{"@type":"PropertyValueSpecification","valueRequired":true,"valueName":"search_term_string"}}],"inLanguage":"en-US"}]}},"ticketed":false,"_links":{"self":[{"href":"https:\/\/fondation-champittet.ch\/en\/wp-json\/wp\/v2\/pages\/3204","targetHints":{"allow":["GET"]}}],"collection":[{"href":"https:\/\/fondation-champittet.ch\/en\/wp-json\/wp\/v2\/pages"}],"about":[{"href":"https:\/\/fondation-champittet.ch\/en\/wp-json\/wp\/v2\/types\/page"}],"author":[{"embeddable":true,"href":"https:\/\/fondation-champittet.ch\/en\/wp-json\/wp\/v2\/users\/1"}],"replies":[{"embeddable":true,"href":"https:\/\/fondation-champittet.ch\/en\/wp-json\/wp\/v2\/comments?post=3204"}],"version-history":[{"count":3,"href":"https:\/\/fondation-champittet.ch\/en\/wp-json\/wp\/v2\/pages\/3204\/revisions"}],"predecessor-version":[{"id":4952,"href":"https:\/\/fondation-champittet.ch\/en\/wp-json\/wp\/v2\/pages\/3204\/revisions\/4952"}],"wp:attachment":[{"href":"https:\/\/fondation-champittet.ch\/en\/wp-json\/wp\/v2\/media?parent=3204"}],"curies":[{"name":"wp","href":"https:\/\/api.w.org\/{rel}","templated":true}]}}